{"id":254,"date":"2021-01-06T19:11:24","date_gmt":"2021-01-06T19:11:24","guid":{"rendered":"https:\/\/xn--gestincultural-pob.ar\/?page_id=254"},"modified":"2021-08-12T15:02:18","modified_gmt":"2021-08-12T15:02:18","slug":"consultora","status":"publish","type":"page","link":"https:\/\/xn--gestincultural-pob.ar\/index.php\/consultora\/","title":{"rendered":"Consultora"},"content":{"rendered":"\t\t<div data-elementor-type=\"wp-page\" data-elementor-id=\"254\" class=\"elementor elementor-254\" data-elementor-settings=\"[]\">\n\t\t\t\t\t\t<div class=\"elementor-inner\">\n\t\t\t\t\t\t\t<div class=\"elementor-section-wrap\">\n\t\t\t\t\t\t\t<section class=\"elementor-section elementor-top-section elementor-element elementor-element-b8e9633 elementor-section-boxed elementor-section-height-default elementor-section-height-default\" data-id=\"b8e9633\" data-element_type=\"section\" data-settings=\"{&quot;background_background&quot;:&quot;classic&quot;}\">\n\t\t\t\t\t\t<div class=\"elementor-container elementor-column-gap-default\">\n\t\t\t\t\t\t\t<div class=\"elementor-row\">\n\t\t\t\t\t<div class=\"elementor-column elementor-col-100 elementor-top-column elementor-element elementor-element-98cfd01\" data-id=\"98cfd01\" data-element_type=\"column\">\n\t\t\t<div class=\"elementor-column-wrap elementor-element-populated\">\n\t\t\t\t\t\t\t<div class=\"elementor-widget-wrap\">\n\t\t\t\t\t\t<div class=\"elementor-element elementor-element-8195254 elementor-widget elementor-widget-heading\" data-id=\"8195254\" data-element_type=\"widget\" data-widget_type=\"heading.default\">\n\t\t\t\t<div class=\"elementor-widget-container\">\n\t\t\t<h2 class=\"elementor-heading-title elementor-size-default\">+20 A\u00d1OS gestionando<\/h2>\t\t<\/div>\n\t\t\t\t<\/div>\n\t\t\t\t\t\t<\/div>\n\t\t\t\t\t<\/div>\n\t\t<\/div>\n\t\t\t\t\t\t\t\t<\/div>\n\t\t\t\t\t<\/div>\n\t\t<\/section>\n\t\t\t\t<section class=\"elementor-section elementor-top-section elementor-element elementor-element-9590172 elementor-section-content-middle elementor-reverse-mobile elementor-section-boxed elementor-section-height-default elementor-section-height-default\" data-id=\"9590172\" data-element_type=\"section\" data-settings=\"{&quot;background_background&quot;:&quot;classic&quot;}\">\n\t\t\t\t\t\t\t<div class=\"elementor-background-overlay\"><\/div>\n\t\t\t\t\t\t\t<div class=\"elementor-container elementor-column-gap-no\">\n\t\t\t\t\t\t\t<div class=\"elementor-row\">\n\t\t\t\t\t<div class=\"elementor-column elementor-col-50 elementor-top-column elementor-element elementor-element-fff74bc\" data-id=\"fff74bc\" data-element_type=\"column\">\n\t\t\t<div class=\"elementor-column-wrap elementor-element-populated\">\n\t\t\t\t\t\t\t<div class=\"elementor-widget-wrap\">\n\t\t\t\t\t\t<div class=\"elementor-element elementor-element-d2b67c4 elementor-widget elementor-widget-heading\" data-id=\"d2b67c4\" data-element_type=\"widget\" data-widget_type=\"heading.default\">\n\t\t\t\t<div class=\"elementor-widget-container\">\n\t\t\t<h3 class=\"elementor-heading-title elementor-size-default\">consultora<\/h3>\t\t<\/div>\n\t\t\t\t<\/div>\n\t\t\t\t<div class=\"elementor-element elementor-element-26e1b5f elementor-widget elementor-widget-text-editor\" data-id=\"26e1b5f\" data-element_type=\"widget\" data-widget_type=\"text-editor.default\">\n\t\t\t\t<div class=\"elementor-widget-container\">\n\t\t\t\t\t<div class=\"elementor-text-editor elementor-clearfix\"><p><span style=\"vertical-align: inherit;\"><span style=\"vertical-align: inherit;\"><span style=\"vertical-align: inherit;\"><span style=\"vertical-align: inherit;\">Nuestro servicio de estudios prefactibilidad y factibilidad (diagn\u00f3stico) de proyectos y actividades culturales, est\u00e1n dirigidos a empresas privadas, organizaciones de la sociedad civil y el sector p\u00fablico en las \u00e1reas de cultura y deporte con el fin de orientar los recursos escasos hacia proyectos sustentables desde el punto de vista social y econ\u00f3mico &#8211; financiero.\u00a0<\/span><\/span><\/span><\/span><\/p><\/div>\n\t\t\t\t<\/div>\n\t\t\t\t<\/div>\n\t\t\t\t\t\t<\/div>\n\t\t\t\t\t<\/div>\n\t\t<\/div>\n\t\t\t\t<div class=\"elementor-column elementor-col-50 elementor-top-column elementor-element elementor-element-3fb2899\" data-id=\"3fb2899\" data-element_type=\"column\">\n\t\t\t<div class=\"elementor-column-wrap elementor-element-populated\">\n\t\t\t\t\t\t\t<div class=\"elementor-widget-wrap\">\n\t\t\t\t\t\t<div class=\"elementor-element elementor-element-c9f8f3a animated-slow elementor-invisible elementor-widget elementor-widget-image\" data-id=\"c9f8f3a\" data-element_type=\"widget\" data-settings=\"{&quot;_animation&quot;:&quot;rollIn&quot;}\" data-widget_type=\"image.default\">\n\t\t\t\t<div class=\"elementor-widget-container\">\n\t\t\t\t\t<div class=\"elementor-image\">\n\t\t\t\t\t\t\t\t\t\t\t<a href=\"https:\/\/xn--gestincultural-pob.ar\/index.php\/servicios\/\">\n\t\t\t\t\t\t\t<img width=\"372\" height=\"318\" src=\"https:\/\/xn--gestincultural-pob.ar\/wp-content\/uploads\/2021\/01\/360cultural-base.png\" class=\"elementor-animation-shrink attachment-full size-full\" alt=\"\" loading=\"lazy\" srcset=\"https:\/\/xn--gestincultural-pob.ar\/wp-content\/uploads\/2021\/01\/360cultural-base.png 372w, https:\/\/xn--gestincultural-pob.ar\/wp-content\/uploads\/2021\/01\/360cultural-base-300x256.png 300w\" sizes=\"(max-width: 372px) 100vw, 372px\" \/>\t\t\t\t\t\t\t\t<\/a>\n\t\t\t\t\t\t\t\t\t\t\t<\/div>\n\t\t\t\t<\/div>\n\t\t\t\t<\/div>\n\t\t\t\t\t\t<\/div>\n\t\t\t\t\t<\/div>\n\t\t<\/div>\n\t\t\t\t\t\t\t\t<\/div>\n\t\t\t\t\t<\/div>\n\t\t<\/section>\n\t\t\t\t<section class=\"elementor-section elementor-top-section elementor-element elementor-element-59472e46 elementor-section-content-middle elementor-section-boxed elementor-section-height-default elementor-section-height-default\" data-id=\"59472e46\" data-element_type=\"section\" data-settings=\"{&quot;background_background&quot;:&quot;slideshow&quot;,&quot;background_slideshow_gallery&quot;:[{&quot;id&quot;:43,&quot;url&quot;:&quot;https:\\\/\\\/xn--gestincultural-pob.ar\\\/wp-content\\\/uploads\\\/2021\\\/01\\\/25388715424_65480dbf18_k.jpg&quot;}],&quot;background_slideshow_loop&quot;:&quot;yes&quot;,&quot;background_slideshow_slide_duration&quot;:5000,&quot;background_slideshow_slide_transition&quot;:&quot;fade&quot;,&quot;background_slideshow_transition_duration&quot;:500}\">\n\t\t\t\t\t\t\t<div class=\"elementor-background-overlay\"><\/div>\n\t\t\t\t\t\t\t<div class=\"elementor-container elementor-column-gap-no\">\n\t\t\t\t\t\t\t<div class=\"elementor-row\">\n\t\t\t\t\t<div class=\"elementor-column elementor-col-50 elementor-top-column elementor-element elementor-element-44fa750f\" data-id=\"44fa750f\" data-element_type=\"column\" data-settings=\"{&quot;background_background&quot;:&quot;slideshow&quot;,&quot;background_slideshow_gallery&quot;:[{&quot;id&quot;:1370,&quot;url&quot;:&quot;https:\\\/\\\/xn--gestincultural-pob.ar\\\/wp-content\\\/uploads\\\/2021\\\/04\\\/Mujer-Negra-Irreconocible-Creando-Polvo-De-Colores-Durante-Holi-En-Terraplen-\\u00b7-Fotos-de-stock-gratuitas-Google-Chrome-30_04_2021-09_32_08.png&quot;}],&quot;background_slideshow_loop&quot;:&quot;yes&quot;,&quot;background_slideshow_slide_duration&quot;:5000,&quot;background_slideshow_slide_transition&quot;:&quot;fade&quot;,&quot;background_slideshow_transition_duration&quot;:500}\">\n\t\t\t<div class=\"elementor-column-wrap elementor-element-populated\">\n\t\t\t\t\t\t\t<div class=\"elementor-widget-wrap\">\n\t\t\t\t\t\t<div class=\"elementor-element elementor-element-29ee08d elementor-widget elementor-widget-spacer\" data-id=\"29ee08d\" data-element_type=\"widget\" data-widget_type=\"spacer.default\">\n\t\t\t\t<div class=\"elementor-widget-container\">\n\t\t\t\t\t<div class=\"elementor-spacer\">\n\t\t\t<div class=\"elementor-spacer-inner\"><\/div>\n\t\t<\/div>\n\t\t\t\t<\/div>\n\t\t\t\t<\/div>\n\t\t\t\t\t\t<\/div>\n\t\t\t\t\t<\/div>\n\t\t<\/div>\n\t\t\t\t<div class=\"elementor-column elementor-col-50 elementor-top-column elementor-element elementor-element-2b3ce12f\" data-id=\"2b3ce12f\" data-element_type=\"column\">\n\t\t\t<div class=\"elementor-column-wrap elementor-element-populated\">\n\t\t\t\t\t\t\t<div class=\"elementor-widget-wrap\">\n\t\t\t\t\t\t<div class=\"elementor-element elementor-element-42e1d618 elementor-view-default elementor-widget elementor-widget-icon\" data-id=\"42e1d618\" data-element_type=\"widget\" data-widget_type=\"icon.default\">\n\t\t\t\t<div class=\"elementor-widget-container\">\n\t\t\t\t\t<div class=\"elementor-icon-wrapper\">\n\t\t\t<div class=\"elementor-icon\">\n\t\t\t<i aria-hidden=\"true\" class=\"fas fa-quote-left\"><\/i>\t\t\t<\/div>\n\t\t<\/div>\n\t\t\t\t<\/div>\n\t\t\t\t<\/div>\n\t\t\t\t<div class=\"elementor-element elementor-element-7c1019b3 elementor-widget elementor-widget-text-editor\" data-id=\"7c1019b3\" data-element_type=\"widget\" data-widget_type=\"text-editor.default\">\n\t\t\t\t<div class=\"elementor-widget-container\">\n\t\t\t\t\t<div class=\"elementor-text-editor elementor-clearfix\"><p style=\"text-align: center;\"><em><span style=\"vertical-align: inherit;\"><span style=\"vertical-align: inherit;\"><span style=\"vertical-align: inherit;\"><span style=\"vertical-align: inherit;\">La raz\u00f3n principal de utilizar modelos de evaluaci\u00f3n es para mejorar, ya sea su desarrollo actual, ya sea en futuras ediciones, reorientaci\u00f3n de los objetivos, cambios en contenidos, estrategias o actividades, mayor dotaci\u00f3n de medios, modificaci\u00f3n en el modelo de gesti\u00f3n y de planificaci\u00f3n, cambio de destinatario, etc.<\/span><\/span><\/span><\/span><\/em><\/p><\/div>\n\t\t\t\t<\/div>\n\t\t\t\t<\/div>\n\t\t\t\t<div class=\"elementor-element elementor-element-ca80913 elementor-widget elementor-widget-heading\" data-id=\"ca80913\" data-element_type=\"widget\" data-widget_type=\"heading.default\">\n\t\t\t\t<div class=\"elementor-widget-container\">\n\t\t\t<h2 class=\"elementor-heading-title elementor-size-default\">ROSELLO i CEREZUELA. 2011.<\/h2>\t\t<\/div>\n\t\t\t\t<\/div>\n\t\t\t\t\t\t<\/div>\n\t\t\t\t\t<\/div>\n\t\t<\/div>\n\t\t\t\t\t\t\t\t<\/div>\n\t\t\t\t\t<\/div>\n\t\t<\/section>\n\t\t\t\t<section class=\"elementor-section elementor-top-section elementor-element elementor-element-3256042 elementor-section-boxed elementor-section-height-default elementor-section-height-default\" data-id=\"3256042\" data-element_type=\"section\">\n\t\t\t\t\t\t<div class=\"elementor-container elementor-column-gap-default\">\n\t\t\t\t\t\t\t<div class=\"elementor-row\">\n\t\t\t\t\t<div class=\"elementor-column elementor-col-33 elementor-top-column elementor-element elementor-element-d17ce18\" data-id=\"d17ce18\" data-element_type=\"column\">\n\t\t\t<div class=\"elementor-column-wrap elementor-element-populated\">\n\t\t\t\t\t\t\t<div class=\"elementor-widget-wrap\">\n\t\t\t\t\t\t<div class=\"elementor-element elementor-element-254a9ec elementor-widget elementor-widget-text-editor\" data-id=\"254a9ec\" data-element_type=\"widget\" data-widget_type=\"text-editor.default\">\n\t\t\t\t<div class=\"elementor-widget-container\">\n\t\t\t\t\t<div class=\"elementor-text-editor elementor-clearfix\"><p style=\"text-align: right;\"><span style=\"vertical-align: inherit;\"><span style=\"vertical-align: inherit;\"><span style=\"vertical-align: inherit;\"><span style=\"vertical-align: inherit;\">Por otro lado, evaluar los resultados obtenidos en sus actividades y procesos de gesti\u00f3n como m\u00e9todo estructurado para identificar las \u00e1reas problem\u00e1ticas de la organizaci\u00f3n cultural, les permitir\u00e1 profundizar el conocimiento en alguna \u00e1rea espec\u00edfica para potenciar sus habilidades.<\/span><\/span><\/span><\/span><\/p><\/div>\n\t\t\t\t<\/div>\n\t\t\t\t<\/div>\n\t\t\t\t\t\t<\/div>\n\t\t\t\t\t<\/div>\n\t\t<\/div>\n\t\t\t\t<div class=\"elementor-column elementor-col-66 elementor-top-column elementor-element elementor-element-ad52fa9\" data-id=\"ad52fa9\" data-element_type=\"column\">\n\t\t\t<div class=\"elementor-column-wrap elementor-element-populated\">\n\t\t\t\t\t\t\t<div class=\"elementor-widget-wrap\">\n\t\t\t\t\t\t<div class=\"elementor-element elementor-element-f84a717 elementor-widget elementor-widget-image\" data-id=\"f84a717\" data-element_type=\"widget\" data-widget_type=\"image.default\">\n\t\t\t\t<div class=\"elementor-widget-container\">\n\t\t\t\t\t<div class=\"elementor-image\">\n\t\t\t\t\t\t\t\t\t\t<img width=\"2100\" height=\"1500\" src=\"https:\/\/xn--gestincultural-pob.ar\/wp-content\/uploads\/2021\/01\/360-base-frente-1-1.png\" class=\"attachment-full size-full\" alt=\"\" loading=\"lazy\" srcset=\"https:\/\/xn--gestincultural-pob.ar\/wp-content\/uploads\/2021\/01\/360-base-frente-1-1.png 2100w, https:\/\/xn--gestincultural-pob.ar\/wp-content\/uploads\/2021\/01\/360-base-frente-1-1-300x214.png 300w, https:\/\/xn--gestincultural-pob.ar\/wp-content\/uploads\/2021\/01\/360-base-frente-1-1-1024x731.png 1024w, https:\/\/xn--gestincultural-pob.ar\/wp-content\/uploads\/2021\/01\/360-base-frente-1-1-768x549.png 768w, https:\/\/xn--gestincultural-pob.ar\/wp-content\/uploads\/2021\/01\/360-base-frente-1-1-1536x1097.png 1536w, https:\/\/xn--gestincultural-pob.ar\/wp-content\/uploads\/2021\/01\/360-base-frente-1-1-2048x1463.png 2048w\" sizes=\"(max-width: 2100px) 100vw, 2100px\" \/>\t\t\t\t\t\t\t\t\t\t\t<\/div>\n\t\t\t\t<\/div>\n\t\t\t\t<\/div>\n\t\t\t\t\t\t<\/div>\n\t\t\t\t\t<\/div>\n\t\t<\/div>\n\t\t\t\t\t\t\t\t<\/div>\n\t\t\t\t\t<\/div>\n\t\t<\/section>\n\t\t\t\t<section class=\"elementor-section elementor-top-section elementor-element elementor-element-f450fe0 elementor-section-full_width elementor-section-height-default elementor-section-height-default\" data-id=\"f450fe0\" data-element_type=\"section\" data-settings=\"{&quot;background_background&quot;:&quot;slideshow&quot;,&quot;background_slideshow_gallery&quot;:[{&quot;id&quot;:8,&quot;url&quot;:&quot;https:\\\/\\\/xn--gestincultural-pob.ar\\\/wp-content\\\/uploads\\\/2021\\\/01\\\/patron-9.jpg&quot;}],&quot;shape_divider_bottom&quot;:&quot;waves&quot;,&quot;background_slideshow_loop&quot;:&quot;yes&quot;,&quot;background_slideshow_slide_duration&quot;:5000,&quot;background_slideshow_slide_transition&quot;:&quot;fade&quot;,&quot;background_slideshow_transition_duration&quot;:500}\">\n\t\t\t\t\t\t\t<div class=\"elementor-background-overlay\"><\/div>\n\t\t\t\t\t\t<div class=\"elementor-shape elementor-shape-bottom\" data-negative=\"false\">\n\t\t\t<svg xmlns=\"http:\/\/www.w3.org\/2000\/svg\" viewBox=\"0 0 1000 100\" preserveAspectRatio=\"none\">\n\t<path class=\"elementor-shape-fill\" d=\"M421.9,6.5c22.6-2.5,51.5,0.4,75.5,5.3c23.6,4.9,70.9,23.5,100.5,35.7c75.8,32.2,133.7,44.5,192.6,49.7\n\tc23.6,2.1,48.7,3.5,103.4-2.5c54.7-6,106.2-25.6,106.2-25.6V0H0v30.3c0,0,72,32.6,158.4,30.5c39.2-0.7,92.8-6.7,134-22.4\n\tc21.2-8.1,52.2-18.2,79.7-24.2C399.3,7.9,411.6,7.5,421.9,6.5z\"\/>\n<\/svg>\t\t<\/div>\n\t\t\t\t\t<div class=\"elementor-container elementor-column-gap-default\">\n\t\t\t\t\t\t\t<div class=\"elementor-row\">\n\t\t\t\t\t<div class=\"elementor-column elementor-col-50 elementor-top-column elementor-element elementor-element-e93abc7\" data-id=\"e93abc7\" data-element_type=\"column\">\n\t\t\t<div class=\"elementor-column-wrap elementor-element-populated\">\n\t\t\t\t\t\t\t<div class=\"elementor-widget-wrap\">\n\t\t\t\t\t\t<div class=\"elementor-element elementor-element-2d30966 elementor-widget elementor-widget-image\" data-id=\"2d30966\" data-element_type=\"widget\" data-widget_type=\"image.default\">\n\t\t\t\t<div class=\"elementor-widget-container\">\n\t\t\t\t\t<div class=\"elementor-image\">\n\t\t\t\t\t\t\t\t\t\t\t<a href=\"https:\/\/xn--gestincultural-pob.ar\/index.php\/contacto\/\">\n\t\t\t\t\t\t\t<img width=\"150\" height=\"150\" src=\"https:\/\/xn--gestincultural-pob.ar\/wp-content\/uploads\/2021\/08\/dudas-3-150x150.jpg\" class=\"attachment-thumbnail size-thumbnail\" alt=\"\" loading=\"lazy\" srcset=\"https:\/\/xn--gestincultural-pob.ar\/wp-content\/uploads\/2021\/08\/dudas-3-150x150.jpg 150w, https:\/\/xn--gestincultural-pob.ar\/wp-content\/uploads\/2021\/08\/dudas-3-298x300.jpg 298w, https:\/\/xn--gestincultural-pob.ar\/wp-content\/uploads\/2021\/08\/dudas-3-1018x1024.jpg 1018w, https:\/\/xn--gestincultural-pob.ar\/wp-content\/uploads\/2021\/08\/dudas-3-768x773.jpg 768w, https:\/\/xn--gestincultural-pob.ar\/wp-content\/uploads\/2021\/08\/dudas-3-1526x1536.jpg 1526w, https:\/\/xn--gestincultural-pob.ar\/wp-content\/uploads\/2021\/08\/dudas-3-2035x2048.jpg 2035w\" sizes=\"(max-width: 150px) 100vw, 150px\" \/>\t\t\t\t\t\t\t\t<\/a>\n\t\t\t\t\t\t\t\t\t\t\t<\/div>\n\t\t\t\t<\/div>\n\t\t\t\t<\/div>\n\t\t\t\t\t\t<\/div>\n\t\t\t\t\t<\/div>\n\t\t<\/div>\n\t\t\t\t<div class=\"elementor-column elementor-col-50 elementor-top-column elementor-element elementor-element-bccd26f\" data-id=\"bccd26f\" data-element_type=\"column\">\n\t\t\t<div class=\"elementor-column-wrap elementor-element-populated\">\n\t\t\t\t\t\t\t<div class=\"elementor-widget-wrap\">\n\t\t\t\t\t\t<div class=\"elementor-element elementor-element-f898b8d elementor-widget elementor-widget-text-editor\" data-id=\"f898b8d\" data-element_type=\"widget\" data-widget_type=\"text-editor.default\">\n\t\t\t\t<div class=\"elementor-widget-container\">\n\t\t\t\t\t<div class=\"elementor-text-editor elementor-clearfix\"><p>Es por ello\u00a0 que nuestro servicio puede ser un gran aporte para\u00a0 tu actividad.<\/p>\n<p>Env\u00edanos un mensaje y nos contactaremos contigo<\/p><\/div>\n\t\t\t\t<\/div>\n\t\t\t\t<\/div>\n\t\t\t\t\t\t<\/div>\n\t\t\t\t\t<\/div>\n\t\t<\/div>\n\t\t\t\t\t\t\t\t<\/div>\n\t\t\t\t\t<\/div>\n\t\t<\/section>\n\t\t\t\t\t\t<\/div>\n\t\t\t\t\t\t<\/div>\n\t\t\t\t\t<\/div>\n\t\t","protected":false},"excerpt":{"rendered":"<p>+20 A\u00d1OS gestionando consultora Nuestro servicio de estudios prefactibilidad y factibilidad (diagn\u00f3stico) de proyectos y actividades culturales, est\u00e1n dirigidos a empresas privadas, organizaciones de la sociedad civil y el sector p\u00fablico en las \u00e1reas de cultura y deporte con el fin de orientar los recursos escasos hacia proyectos sustentables desde el punto de vista social &hellip;<\/p>\n<p class=\"read-more\"> <a class=\"\" href=\"https:\/\/xn--gestincultural-pob.ar\/index.php\/consultora\/\"> <span class=\"screen-reader-text\">Consultora<\/span> Read More &raquo;<\/a><\/p>\n","protected":false},"author":1,"featured_media":0,"parent":0,"menu_order":0,"comment_status":"closed","ping_status":"closed","template":"","meta":[],"_links":{"self":[{"href":"https:\/\/xn--gestincultural-pob.ar\/index.php\/wp-json\/wp\/v2\/pages\/254"}],"collection":[{"href":"https:\/\/xn--gestincultural-pob.ar\/index.php\/wp-json\/wp\/v2\/pages"}],"about":[{"href":"https:\/\/xn--gestincultural-pob.ar\/index.php\/wp-json\/wp\/v2\/types\/page"}],"author":[{"embeddable":true,"href":"https:\/\/xn--gestincultural-pob.ar\/index.php\/wp-json\/wp\/v2\/users\/1"}],"replies":[{"embeddable":true,"href":"https:\/\/xn--gestincultural-pob.ar\/index.php\/wp-json\/wp\/v2\/comments?post=254"}],"version-history":[{"count":140,"href":"https:\/\/xn--gestincultural-pob.ar\/index.php\/wp-json\/wp\/v2\/pages\/254\/revisions"}],"predecessor-version":[{"id":2590,"href":"https:\/\/xn--gestincultural-pob.ar\/index.php\/wp-json\/wp\/v2\/pages\/254\/revisions\/2590"}],"wp:attachment":[{"href":"https:\/\/xn--gestincultural-pob.ar\/index.php\/wp-json\/wp\/v2\/media?parent=254"}],"curies":[{"name":"wp","href":"https:\/\/api.w.org\/{rel}","templated":true}]}}